{"id":1097,"date":"2024-09-24T07:50:18","date_gmt":"2024-09-24T07:50:18","guid":{"rendered":"http:\/\/holzmayer.local\/?page_id=1097"},"modified":"2024-11-26T15:42:37","modified_gmt":"2024-11-26T15:42:37","slug":"impressum","status":"publish","type":"page","link":"https:\/\/holzmayer.dev\/en\/impressum\/","title":{"rendered":"Imprint"},"content":{"rendered":"<div data-elementor-type=\"wp-page\" data-elementor-id=\"1097\" class=\"elementor elementor-1097\">\n\t\t\t\t<div class=\"elementor-element elementor-element-eaf5997 e-flex e-con-boxed wpr-particle-no wpr-jarallax-no wpr-parallax-no wpr-sticky-section-no e-con e-parent\" data-id=\"eaf5997\" data-element_type=\"container\">\n\t\t\t\t\t<div class=\"e-con-inner\">\n\t\t\t\t<div class=\"elementor-element elementor-element-46f3c94 elementor-widget elementor-widget-heading\" data-id=\"46f3c94\" data-element_type=\"widget\" data-widget_type=\"heading.default\">\n\t\t\t\t<div class=\"elementor-widget-container\">\n\t\t\t\t\t<h2 class=\"elementor-heading-title elementor-size-default\">Imprint<\/h2>\t\t\t\t<\/div>\n\t\t\t\t<\/div>\n\t\t\t\t<div class=\"elementor-element elementor-element-abbaf6d elementor-widget elementor-widget-text-editor\" data-id=\"abbaf6d\" data-element_type=\"widget\" data-widget_type=\"text-editor.default\">\n\t\t\t\t<div class=\"elementor-widget-container\">\n\t\t\t\t\t\t\t\t\t<p class=\"text-lg font-medium\" style=\"text-align: center;\">Julian Holzmayer<\/p><p class=\"my-4 lg:text-xl text-lg mb-2\" style=\"text-align: center;\">J\u00e4gerstra\u00dfe 5<br \/>4040 Linz<br \/>\u00d6sterreich<\/p><p class=\"my-4 lg:text-xl text-lg\" style=\"text-align: center;\">Email:\u00a0<a href=\"mailto:julian@holzmayer.dev\">julian@holzmayer.dev<\/a><br \/>Tel:\u00a0<a href=\"tel:0650 8028 328\">0650 8028 328<\/a><\/p><p>\u00a0<\/p><p style=\"text-align: center;\">Gisazahl: 33975788<br \/>Unternehmensgegenstand: Dienstleistungen in der automatischen Datenverarbeitung und Informationstechnik<\/p><p>\u00a0<\/p><p style=\"text-align: center;\">Verbraucher haben die M\u00f6glichkeit, Beschwerden an die Online Streitbeilegungsplattform der Europ\u00e4ischen Kommission unter\u00a0<a title=\"Online Streitbeilegungsplattform der Europ\u00e4ischen Kommission\" href=\"http:\/\/www.ec.europa.eu\/consumers\/odr\" target=\"_blank\" rel=\"noopener noreferrer\">www.ec.europa.eu\/consumers\/odr<\/a>\u00a0zu richten. Wir weisen Sie darauf hin, dass wir nicht bereit oder verpflichtet sind, an diesen teilzunehmen.<\/p><p>\u00a0<\/p>\t\t\t\t\t\t\t\t<\/div>\n\t\t\t\t<\/div>\n\t\t\t\t<div class=\"elementor-element elementor-element-b0c4b97 elementor-widget elementor-widget-heading\" data-id=\"b0c4b97\" data-element_type=\"widget\" data-widget_type=\"heading.default\">\n\t\t\t\t<div class=\"elementor-widget-container\">\n\t\t\t\t\t<h2 class=\"elementor-heading-title elementor-size-default\">Portraitfotos <\/h2>\t\t\t\t<\/div>\n\t\t\t\t<\/div>\n\t\t\t\t<div class=\"elementor-element elementor-element-74b9c1b elementor-widget elementor-widget-text-editor\" data-id=\"74b9c1b\" data-element_type=\"widget\" data-widget_type=\"text-editor.default\">\n\t\t\t\t<div class=\"elementor-widget-container\">\n\t\t\t\t\t\t\t\t\t<p style=\"text-align: center;\">Thomas Schlader<br \/><a href=\"https:\/\/thomasschlader.at\/\" target=\"_blank\" rel=\"noopener\">https:\/\/thomasschlader.at\/<\/a><\/p>\t\t\t\t\t\t\t\t<\/div>\n\t\t\t\t<\/div>\n\t\t\t\t\t<\/div>\n\t\t\t\t<\/div>\n\t\t\t\t<\/div>","protected":false},"excerpt":{"rendered":"<p>Impressum Julian Holzmayer J\u00e4gerstra\u00dfe 54040 Linz\u00d6sterreich Email:\u00a0julian@holzmayer.devTel:\u00a00650 8028 328 \u00a0 Gisazahl: 33975788Unternehmensgegenstand: Dienstleistungen in der automatischen Datenverarbeitung und Informationstechnik \u00a0 Verbraucher haben die M\u00f6glichkeit, Beschwerden an die Online Streitbeilegungsplattform der Europ\u00e4ischen Kommission unter\u00a0www.ec.europa.eu\/consumers\/odr\u00a0zu richten. Wir weisen Sie darauf hin, dass wir nicht bereit oder verpflichtet sind, an diesen teilzunehmen. \u00a0 Portraitfotos Thomas Schladerhttps:\/\/thomasschlader.at\/<\/p>","protected":false},"author":1,"featured_media":0,"parent":0,"menu_order":0,"comment_status":"closed","ping_status":"closed","template":"","meta":{"footnotes":""},"class_list":["post-1097","page","type-page","status-publish","hentry"],"yoast_head":"<!-- This site is optimized with the Yoast SEO plugin v26.9 - https:\/\/yoast.com\/product\/yoast-seo-wordpress\/ -->\n<title>Impressum - Holzmayer<\/title>\n<meta name=\"robots\" content=\"index, follow, max-snippet:-1, max-image-preview:large, max-video-preview:-1\" \/>\n<link rel=\"canonical\" href=\"https:\/\/holzmayer.dev\/en\/impressum\/\" \/>\n<meta property=\"og:locale\" content=\"en_US\" \/>\n<meta property=\"og:type\" content=\"article\" \/>\n<meta property=\"og:title\" content=\"Impressum - Holzmayer\" \/>\n<meta property=\"og:description\" content=\"Impressum Julian Holzmayer J\u00e4gerstra\u00dfe 54040 Linz\u00d6sterreich Email:\u00a0julian@holzmayer.devTel:\u00a00650 8028 328 \u00a0 Gisazahl: 33975788Unternehmensgegenstand: Dienstleistungen in der automatischen Datenverarbeitung und Informationstechnik \u00a0 Verbraucher haben die M\u00f6glichkeit, Beschwerden an die Online Streitbeilegungsplattform der Europ\u00e4ischen Kommission unter\u00a0www.ec.europa.eu\/consumers\/odr\u00a0zu richten. Wir weisen Sie darauf hin, dass wir nicht bereit oder verpflichtet sind, an diesen teilzunehmen. \u00a0 Portraitfotos Thomas Schladerhttps:\/\/thomasschlader.at\/\" \/>\n<meta property=\"og:url\" content=\"https:\/\/holzmayer.dev\/en\/impressum\/\" \/>\n<meta property=\"og:site_name\" content=\"Holzmayer\" \/>\n<meta property=\"article:modified_time\" content=\"2024-11-26T15:42:37+00:00\" \/>\n<meta name=\"twitter:card\" content=\"summary_large_image\" \/>\n<meta name=\"twitter:label1\" content=\"Est. reading time\" \/>\n\t<meta name=\"twitter:data1\" content=\"1 minute\" \/>\n<script type=\"application\/ld+json\" class=\"yoast-schema-graph\">{\"@context\":\"https:\/\/schema.org\",\"@graph\":[{\"@type\":\"WebPage\",\"@id\":\"https:\/\/holzmayer.dev\/impressum\/\",\"url\":\"https:\/\/holzmayer.dev\/impressum\/\",\"name\":\"Impressum - Holzmayer\",\"isPartOf\":{\"@id\":\"https:\/\/holzmayer.dev\/#website\"},\"datePublished\":\"2024-09-24T07:50:18+00:00\",\"dateModified\":\"2024-11-26T15:42:37+00:00\",\"breadcrumb\":{\"@id\":\"https:\/\/holzmayer.dev\/impressum\/#breadcrumb\"},\"inLanguage\":\"en-US\",\"potentialAction\":[{\"@type\":\"ReadAction\",\"target\":[\"https:\/\/holzmayer.dev\/impressum\/\"]}]},{\"@type\":\"BreadcrumbList\",\"@id\":\"https:\/\/holzmayer.dev\/impressum\/#breadcrumb\",\"itemListElement\":[{\"@type\":\"ListItem\",\"position\":1,\"name\":\"Home\",\"item\":\"https:\/\/holzmayer.dev\/\"},{\"@type\":\"ListItem\",\"position\":2,\"name\":\"Impressum\"}]},{\"@type\":\"WebSite\",\"@id\":\"https:\/\/holzmayer.dev\/#website\",\"url\":\"https:\/\/holzmayer.dev\/\",\"name\":\"Julian Holzmayer\",\"description\":\"\",\"publisher\":{\"@id\":\"https:\/\/holzmayer.dev\/#organization\"},\"potentialAction\":[{\"@type\":\"SearchAction\",\"target\":{\"@type\":\"EntryPoint\",\"urlTemplate\":\"https:\/\/holzmayer.dev\/?s={search_term_string}\"},\"query-input\":{\"@type\":\"PropertyValueSpecification\",\"valueRequired\":true,\"valueName\":\"search_term_string\"}}],\"inLanguage\":\"en-US\"},{\"@type\":\"Organization\",\"@id\":\"https:\/\/holzmayer.dev\/#organization\",\"name\":\"Julian Holzmayer\",\"url\":\"https:\/\/holzmayer.dev\/\",\"logo\":{\"@type\":\"ImageObject\",\"inLanguage\":\"en-US\",\"@id\":\"https:\/\/holzmayer.dev\/#\/schema\/logo\/image\/\",\"url\":\"https:\/\/holzmayer.dev\/wp-content\/uploads\/2024\/09\/JULIAN-HOLZMAYER-400-x-150-px.png\",\"contentUrl\":\"https:\/\/holzmayer.dev\/wp-content\/uploads\/2024\/09\/JULIAN-HOLZMAYER-400-x-150-px.png\",\"width\":325,\"height\":150,\"caption\":\"Julian Holzmayer\"},\"image\":{\"@id\":\"https:\/\/holzmayer.dev\/#\/schema\/logo\/image\/\"}}]}<\/script>\n<!-- \/ Yoast SEO plugin. -->","yoast_head_json":{"title":"Impressum - Holzmayer","robots":{"index":"index","follow":"follow","max-snippet":"max-snippet:-1","max-image-preview":"max-image-preview:large","max-video-preview":"max-video-preview:-1"},"canonical":"https:\/\/holzmayer.dev\/en\/impressum\/","og_locale":"en_US","og_type":"article","og_title":"Impressum - Holzmayer","og_description":"Impressum Julian Holzmayer J\u00e4gerstra\u00dfe 54040 Linz\u00d6sterreich Email:\u00a0julian@holzmayer.devTel:\u00a00650 8028 328 \u00a0 Gisazahl: 33975788Unternehmensgegenstand: Dienstleistungen in der automatischen Datenverarbeitung und Informationstechnik \u00a0 Verbraucher haben die M\u00f6glichkeit, Beschwerden an die Online Streitbeilegungsplattform der Europ\u00e4ischen Kommission unter\u00a0www.ec.europa.eu\/consumers\/odr\u00a0zu richten. Wir weisen Sie darauf hin, dass wir nicht bereit oder verpflichtet sind, an diesen teilzunehmen. \u00a0 Portraitfotos Thomas Schladerhttps:\/\/thomasschlader.at\/","og_url":"https:\/\/holzmayer.dev\/en\/impressum\/","og_site_name":"Holzmayer","article_modified_time":"2024-11-26T15:42:37+00:00","twitter_card":"summary_large_image","twitter_misc":{"Est. reading time":"1 minute"},"schema":{"@context":"https:\/\/schema.org","@graph":[{"@type":"WebPage","@id":"https:\/\/holzmayer.dev\/impressum\/","url":"https:\/\/holzmayer.dev\/impressum\/","name":"Impressum - Holzmayer","isPartOf":{"@id":"https:\/\/holzmayer.dev\/#website"},"datePublished":"2024-09-24T07:50:18+00:00","dateModified":"2024-11-26T15:42:37+00:00","breadcrumb":{"@id":"https:\/\/holzmayer.dev\/impressum\/#breadcrumb"},"inLanguage":"en-US","potentialAction":[{"@type":"ReadAction","target":["https:\/\/holzmayer.dev\/impressum\/"]}]},{"@type":"BreadcrumbList","@id":"https:\/\/holzmayer.dev\/impressum\/#breadcrumb","itemListElement":[{"@type":"ListItem","position":1,"name":"Home","item":"https:\/\/holzmayer.dev\/"},{"@type":"ListItem","position":2,"name":"Impressum"}]},{"@type":"WebSite","@id":"https:\/\/holzmayer.dev\/#website","url":"https:\/\/holzmayer.dev\/","name":"Julian Holzmayer","description":"","publisher":{"@id":"https:\/\/holzmayer.dev\/#organization"},"potentialAction":[{"@type":"SearchAction","target":{"@type":"EntryPoint","urlTemplate":"https:\/\/holzmayer.dev\/?s={search_term_string}"},"query-input":{"@type":"PropertyValueSpecification","valueRequired":true,"valueName":"search_term_string"}}],"inLanguage":"en-US"},{"@type":"Organization","@id":"https:\/\/holzmayer.dev\/#organization","name":"Julian Holzmayer","url":"https:\/\/holzmayer.dev\/","logo":{"@type":"ImageObject","inLanguage":"en-US","@id":"https:\/\/holzmayer.dev\/#\/schema\/logo\/image\/","url":"https:\/\/holzmayer.dev\/wp-content\/uploads\/2024\/09\/JULIAN-HOLZMAYER-400-x-150-px.png","contentUrl":"https:\/\/holzmayer.dev\/wp-content\/uploads\/2024\/09\/JULIAN-HOLZMAYER-400-x-150-px.png","width":325,"height":150,"caption":"Julian Holzmayer"},"image":{"@id":"https:\/\/holzmayer.dev\/#\/schema\/logo\/image\/"}}]}},"_links":{"self":[{"href":"https:\/\/holzmayer.dev\/en\/wp-json\/wp\/v2\/pages\/1097","targetHints":{"allow":["GET"]}}],"collection":[{"href":"https:\/\/holzmayer.dev\/en\/wp-json\/wp\/v2\/pages"}],"about":[{"href":"https:\/\/holzmayer.dev\/en\/wp-json\/wp\/v2\/types\/page"}],"author":[{"embeddable":true,"href":"https:\/\/holzmayer.dev\/en\/wp-json\/wp\/v2\/users\/1"}],"replies":[{"embeddable":true,"href":"https:\/\/holzmayer.dev\/en\/wp-json\/wp\/v2\/comments?post=1097"}],"version-history":[{"count":22,"href":"https:\/\/holzmayer.dev\/en\/wp-json\/wp\/v2\/pages\/1097\/revisions"}],"predecessor-version":[{"id":1431,"href":"https:\/\/holzmayer.dev\/en\/wp-json\/wp\/v2\/pages\/1097\/revisions\/1431"}],"wp:attachment":[{"href":"https:\/\/holzmayer.dev\/en\/wp-json\/wp\/v2\/media?parent=1097"}],"curies":[{"name":"wp","href":"https:\/\/api.w.org\/{rel}","templated":true}]}}